{"id":2093,"date":"2023-07-12T16:23:15","date_gmt":"2023-07-12T14:23:15","guid":{"rendered":"https:\/\/koller-gruppe.de\/?page_id=2093"},"modified":"2023-07-12T16:23:15","modified_gmt":"2023-07-12T14:23:15","slug":"data-protection-declaration-facebook-site","status":"publish","type":"page","link":"https:\/\/koller-gruppe.de\/en\/data-protection-declaration\/data-protection-declaration-facebook-site\/","title":{"rendered":"Data protection declaration Facebook Site"},"content":{"rendered":"<p>[vc_section full_height=&#8221;yes&#8221; content_placement=&#8221;top&#8221; css=&#8221;.vc_custom_1513869619339{padding-top: 150px !important;padding-bottom: 100px !important;}&#8221;][vc_row][vc_column][vc_column_text]<\/p>\n<h1><span>Data protection declaration Facebook-Site<\/span><\/h1>\n<p>[\/vc_column_text][\/vc_column][\/vc_row][vc_row][vc_column][vc_column_text]<\/p>\n<p style=\"font-weight: 400;\"><span>When you visit our Facebook site, Facebook (Meta) records, among others, your IP address and other information, which is available on your PC in the form of cookies. This information is used to provide us, as the operator of the Facebook pages, with statistical information about the application of the Facebook site. Facebook provides more information about this under the following link: <\/span><a href=\"https:\/\/facebook.com\/help\/pages\/insights\"><span>https:\/\/facebook.com\/help\/pages\/insights<\/span><\/a><span>.<\/span><\/p>\n<p style=\"font-weight: 400;\"><span>The transmitted statistical information does not enable us to draw conclusions about individual users. We only use them to respond to the interests of our users and to continuously improve our online presence and ensure its quality.<\/span><\/p>\n<p style=\"font-weight: 400;\"><span>We only collect your data via our fan page in order to realize a possible provision of communication and interaction with us. This survey usually includes your name, message content, comment content and the profile information you have provided &#8220;publicly&#8221;.<\/span><\/p>\n<p style=\"font-weight: 400;\"><span>The processing of your personal data for our above-mentioned purposes is based on our legitimate business and communicative interest in offering an information and communication channel in accordance with Article 6 Paragraph 1 f) GDPR. If you, as a user, have given your consent to the data processing to the respective provider of the social network, the legal basis for the processing extends to Art. 6 Para. 1 a), Art. 7 DSGVO.<\/span><\/p>\n<p style=\"font-weight: 400;\">Due to the fact that the actual data processing is carried out by the provider of the social network, our access options are limited to your data. <span>Only the provider of the social network is authorized to have full access to your data. Because of this, only the provider can directly take and implement appropriate measures to fulfill your user rights (request for information, request for deletion, objection, etc.). The assertion of relevant rights is therefore most effective directly against the respective provider.<\/span><\/p>\n<p style=\"font-weight: 400;\"><span>Together with Facebook, we are responsible for the personal content of the fan page. The concerned rights can be practiced at Meta Platforms Ireland Ltd. as well as by us.\u00a0 <\/span><\/p>\n<p style=\"font-weight: 400;\"><span>According to the GDPR, primary responsibility for the processing of Insights data lies with Facebook and Facebook fulfills all obligations under the GDPR with regard to the processing of Insights data, Meta Platforms Ireland Ltd. makes the essential of the Page Insights supplement available to the person concerned.<\/span><\/p>\n<p style=\"font-weight: 400;\"><span>We do not make any decisions regarding the processing of Insights data and the storage duration of cookies on user devices.<\/span><\/p>\n<p style=\"font-weight: 400;\"><span>Further information can be found directly on Facebook (supplementary agreement with Facebook): <\/span><a href=\"https:\/\/www.facebook.com\/legal\/terms\/page_controller_addendum\"><span>https:\/\/www.facebook.com\/legal\/terms\/page_controller_addendum<\/span><\/a><span>.<\/span><\/p>\n<p style=\"font-weight: 400;\"><span>For more information, including the exact scope and purposes of processing your personal data, the storage period\/deletion and guidelines for the use of cookies and similar technologies during registration and utilization, please see data protection regulations\/cookie guidelines from Facebook:<br \/>\n<\/span><a href=\"https:\/\/www.facebook.com\/privacy\/policy\/?entry_point=data_policy_redirect&amp;amp;entry=0\"><span>https:\/\/www.facebook.com\/privacy\/policy\/?entry_point=data_policy_redirect&amp;entry=0<\/span><\/a><span><br \/>\n<\/span><a href=\"https:\/\/www.facebook.com\/policies\/cookies\"><span>https:\/\/www.facebook.com\/policies\/cookies<\/span><\/a><\/p>\n<p>[\/vc_column_text][\/vc_column][\/vc_row][vc_row disable_element=&#8221;yes&#8221;][vc_column][vc_column_text]Verantwortliche Stellen:<\/p>\n<p>Facebook Ireland Ltd. (nachfolgend als \u201eFacebook\u201c genannt)<br \/>\n4 Grand Canal Square<br \/>\nGrand Canal Harbour<br \/>\nDublin 2<br \/>\nIrland<\/p>\n<p>und<\/p>\n<p><strong>KOLLER BETEILIGUNGS GMBH<\/strong><br \/>\nOberb\u00fcrg 24<br \/>\nD-92345 Dietfurt<br \/>\nTel.:\u00a0<a href=\"tel:0049846464160\">+49 8464 6416 \u2013 0<\/a><br \/>\nFax:\u00a0<a href=\"fax:00498464641612\">+49 8464 6416 \u2013 12<\/a><br \/>\nE-Mail\u00a0<a href=\"mailto:info@koller-gruppe.de\">info@koller-gruppe.de<\/a><br \/>\n<a href=\"https:\/\/www.koller-gruppe.de\/\">www.koller-gruppe.de<\/a><\/p>\n<p>&nbsp;<\/p>\n<h3><span style=\"margin-left: 0px;\">Informationen \u00fcber die Facebook-Seite von: KOLLER GRUPPE<\/span><\/h3>\n<p>Der Gebrauch dieser Facebook-Seite ist f\u00fcr den Zweck um Werbung f\u00fcr die Produkte\/Dienstleistung zu generieren und um die Kontaktaufnahme mit potentiellen Kunden sowie Bestandskunden zu suchen. Weiter Informationen, Angaben und Produktinformationen k\u00f6nnen Sie auch von unsere Webseite unter <a href=\"http:\/\/www.koller-gruppe.de\/\">www.koller-gruppe.de<\/a> entnehmen und nachlesen.<\/p>\n<p>Als Betreiber der Facebook-Seite haben wir kein Interesse an der Erhebung und der Verarbeitung von individuellen personenbezogenen Daten unserer Besucher. Wir erheben hier keine Daten zur Marktanalyse oder Marketingzwecken. Genaue Informationen, wie ich\/wir mit Ihren personenbezogenen Daten umgehen, kann aus unserer Datenschutzerkl\u00e4rung <a href=\"http:\/\/www.koller-gruppe.de\/datenschutz\/\">www.koller-gruppe.de\/datenschutz\/<\/a> auf unserer Webseite entnommen werden.<\/p>\n<p>Die Rechtgrundlage f\u00fcr den Betrieb dieser Facebook-Seite \u2013 auch die f\u00fcr die Verarbeitung personenbezogener Daten \u2013 beruht auf berechtigtem Interesse nach Art. 6 Abs. 1 lit. f. EU-DSGVO.<\/p>\n<p>&nbsp;<\/p>\n<h3><span style=\"margin-left: 0px;\">Verarbeitung von personenbezogenen Daten durch Facebook<\/span><\/h3>\n<p>Laut dem Urteil des Europ\u00e4ischen Gerichtshofes (EuGH) vom 5.06.2018 wurde entschieden, dass der Betreiber einer Facebook-Seite zusammen mit Facebook gemeinsamer Verantwortlicher bei der Verarbeitung personenbezogener Daten ist.<\/p>\n<p>Folgenden Daten werden als Nutzer von Facebook erhoben:<\/p>\n<ul>\n<li>Werbung (Analyse-Tools, Tracker und personalisierte Werbung)<\/li>\n<li>Erstellung und Auswertung von Nutzerprofilen<\/li>\n<li>Marktforschung und Marketinganalysen<\/li>\n<\/ul>\n<p>Die Facebook Inc., ist der amerikanische Mutterkonzern der Facebook Ltd. Ireland und ist EU-US Privacy-Shield zertifiziert. Das bedeutet, dass Facebook die Zusage gibt, sich an die datenschutzrichtlinien auf europ\u00e4ischer Ebene zu halten und diese umzusetzen. Dies kann hier eingesehen werden: <a href=\"https:\/\/www.privacyshield.gov\/participant?id=a2zt0000000GnywAAC&amp;status=Active\">https:\/\/www.privacyshield.gov\/participant?id=a2zt0000000GnywAAC&amp;status=Active<\/a><\/p>\n<p>Auf die Einhaltung dieser Richtlinien haben wir keinen Einfluss oder Einsicht. Dass Risiken und \u00dcbermittlungen von Benutzerdaten in Drittl\u00e4nder stattfinden, k\u00f6nnen wir nicht ausschlie\u00dfen.<\/p>\n<p>&nbsp;<\/p>\n<h3><span style=\"margin-left: 0px;\">Cookies durch Facebook<\/span><\/h3>\n<p>Wenn Sie die Facebook-Seite besuchen speichert Facebook m\u00f6glicherweise Informationen auf Ihrem Computer in Form von Cookies. Cookies sind kleine Dateien die von einem Internetserver an Ihren Browser \u00fcbertragen und auf dessen Festplatte gespeichert werden. Lediglich die Internet Protokoll Adresse wird hierbei gespeichert \u2013 keine personenbezogenen Daten. Diese Information die in den Cookies gespeichert wird erlaubt es, Sie bei dem n\u00e4chsten Besuch auf unserer Internetseite automatisch wiederzuerkennen, wodurch Ihnen die Nutzung erleichtert wird. Rechtsgrundlage f\u00fcr den Einsatz von Cookies ist das berechtigte Interesse gem\u00e4\u00df Art. 6 Abs. 1 lit. f DSGVO.<\/p>\n<p>Nat\u00fcrlich k\u00f6nnen Sie die Facebook-Seite auch besuchen ohne Cookies zu akzeptieren. Wenn Sie nicht m\u00f6chten, dass Ihr Computer beim n\u00e4chsten Besuch wiedererkannt wird k\u00f6nnen Sie die Verwendung von Cookies auch ablehnen indem Sie die Einstellungen in Ihrem Browser auf \u201eCookies ablehnen\u201c \u00e4ndern. Die jeweilige Vorgehensweise finden Sie in der Bedienungsanleitung Ihres jeweiligen Browsers. Wenn Sie die Verwendung von Cookies ablehnen, kann es jedoch zu Einschr\u00e4nkungen in der Nutzung mancher Bereiche unserer Internetseiten kommen.<\/p>\n<p>Die Datenschutzerkl\u00e4rung von Facebook enth\u00e4lt weitere Informationen zur Datenverarbeitung: <a href=\"https:\/\/www.facebook.com\/about\/privacy\/\">https:\/\/www.facebook.com\/about\/privacy\/<\/a><\/p>\n<p>Widerspruchsm\u00f6glichkeiten (sog. Opt-Out) k\u00f6nnen hier:<br \/>\n<a href=\"https:\/\/www.facebook.com\/settings?tab=ads\">https:\/\/www.facebook.com\/settings?tab=ads<\/a> <span>\u00a0<\/span>und hier <a href=\"http:\/\/www.youronlinechoices.com\/\">http:\/\/www.youronlinechoices.com<\/a> gesetzt werden.<\/p>\n<p>&nbsp;<\/p>\n<h3><span style=\"margin-left: 0px;\">Statistische Datenerhebung durch Facebook<\/span><\/h3>\n<p>Facebook stellt uns mittels Facebook Insights statistische Daten. Diese Anwendung kann helfen, weiterf\u00fchrende Informationen zu Demografie, Standort oder Konsumverhalten potenzieller Kundschaft zu entdecken. Mit Facebook Insights wird untersucht, wen man mit der eigenen Werbebotschaft erreicht hat. Die entsprechenden Daten kann man sich dann entweder f\u00fcr alle Facebook-Nutzer oder f\u00fcr die Fans einer Seite sowie f\u00fcr eine festgelegte Custom Audience anzeigen lassen. Die Insights geben dann genauere Infos zu:<\/p>\n<ul>\n<li>Demografische Angaben: Alter, Geschlecht, Beziehungsstatus etc.<\/li>\n<li>Gef\u00e4llt mir: Angaben von Fans f\u00fcr andere Facebook Seiten<\/li>\n<li>Standort und Spracheinstellung der Nutzer<\/li>\n<li>Telefonnummer<\/li>\n<li>Aktivit\u00e4t der ausgew\u00e4hlten Nutzer<\/li>\n<li>Anteil M\u00e4nner und Frauen<\/li>\n<li>Berufe<\/li>\n<li>Routeplaner<\/li>\n<\/ul>\n<p>Laut Facebook sind s\u00e4mtliche Daten, die in den Insights einsehbar sind, f\u00fcr Werbetreibende aggregiert und anonym. Es k\u00f6nnen folglich keine R\u00fcckschl\u00fcsse auf einzelne Personen gezogen werden. Wir benutzen diese in aggregierter Form, um die Beitr\u00e4ge und Aktivit\u00e4ten auf unserer Seite f\u00fcr jeden Nutzer individuell attraktiver gestalten zu k\u00f6nnen. Ich\/wir nutzen z.B. die Verteilung nach Alter und Geschlecht f\u00fcr eine angepasst Kommunikation und die priorisierten Besuchszeiten der Nutzer, um eine zeitlich optimierte Planung der Beitr\u00e4ge dieser Facebook-Seite zu gew\u00e4hrleisten. Informationen \u00fcber die Art der verwendeten Endger\u00e4te von Besuchern helfen uns dabei, die Beitr\u00e4ge optisch-gestalterisch daran anzupassen. Entsprechend der Facebook-Nutzungsbedingungen, denen jeder Benutzer im Rahmen der Erstellung eines Facebook-Profils zugestimmt hat, k\u00f6nnen wir die Abonnenten und Fans der Seite identifizieren und deren Profile sowie weitere geteilte Informationen von ihnen einsehen.<\/p>\n<p>&nbsp;<\/p>\n<h3><span style=\"margin-left: 0px;\">Betroffenenrechte der Nutzer<\/span><\/h3>\n<p>Ich\/wir kann\/k\u00f6nnen leider nicht unseren Informationspflichten nach Art. 13 EU-DSGVO nachkommen, da nur Facebook den vollst\u00e4ndigen Zugriff auf die Benutzerdaten hat. Falls Sie von Ihren Betroffenenrechten Gebrauch machen wollen, kontaktierten Sie hier bitte direkt Facebook. Zu diesen Rechten geh\u00f6ren folgende:<\/p>\n<p><strong>Recht auf Auskunft:<br \/>\n<\/strong>Sie k\u00f6nnen von uns eine Auskunft verlangen, ob und in welchem Ausma\u00df wir Ihre Daten verarbeiten.<\/p>\n<p><strong>Recht auf Berichtigung:<br \/>\n<\/strong>Verarbeiten wir Ihre Daten, die unvollst\u00e4ndig oder unrichtig sind, so k\u00f6nnen Sie jederzeit deren Berichtigung bzw. deren Vervollst\u00e4ndigung von uns verlangen.<\/p>\n<p><strong>Recht auf L\u00f6schung:<br \/>\n<\/strong>Sie k\u00f6nnen von uns die L\u00f6schung Ihrer Daten verlangen, sofern wir diese unrechtm\u00e4\u00dfig verarbeiten oder die Verarbeitung unverh\u00e4ltnism\u00e4\u00dfig in Ihre berechtigten Schutzinteressen eingreift. Bitte beachten Sie, dass es Gr\u00fcnde geben kann, die einer sofortigen L\u00f6schung entgegenstehen, z.B. im Fall von gesetzlich geregelten Aufbewahrungspflichten.<\/p>\n<p>Unabh\u00e4ngig von der Wahrnehmung Ihres Rechts auf L\u00f6schung, werden wir Ihre Daten umgehend und vollst\u00e4ndig l\u00f6schen, soweit keine diesbez\u00fcgliche rechtsgesch\u00e4ftliche oder gesetzliche Aufbewahrungspflicht entgegensteht.<\/p>\n<p><strong>Recht auf Einschr\u00e4nkung der Verarbeitung:<br \/>\n<\/strong>Sie k\u00f6nnen von uns die Einschr\u00e4nkung der Verarbeitung Ihrer Daten verlangen, wenn<\/p>\n<ul>\n<li>Sie die Richtigkeit der Daten bestreiten, und zwar f\u00fcr eine Dauer, die es uns erm\u00f6glicht, die Richtigkeit der Daten zu \u00fcberpr\u00fcfen.<\/li>\n<li><span style=\"font-size: 1rem;\">die Verarbeitung der Daten unrechtm\u00e4\u00dfig ist, Sie aber eine L\u00f6schung ablehnen und stattdessen eine Einschr\u00e4nkung der Datennutzung verlangen,<\/span><\/li>\n<li><span style=\"font-size: 1rem;\">wir die Daten f\u00fcr den vorgesehenen Zweck nicht mehr ben\u00f6tigen, Sie diese Daten aber noch zur Geltendmachung oder Verteidigung von Rechtsanspr\u00fcchen brauchen, oder<\/span><\/li>\n<li><span style=\"font-size: 1rem;\">Sie Widerspruch gegen die Verarbeitung der Daten eingelegt haben.<\/span><\/li>\n<\/ul>\n<p><strong>Recht auf Daten\u00fcbertragbarkeit:<br \/>\n<\/strong>Sie k\u00f6nnen von uns verlangen, dass wir Ihnen Ihre Daten, die Sie uns bereitgestellt haben, in einem strukturierten, g\u00e4ngigen und maschinenlesbaren Format zur Verf\u00fcgung stellen und dass Sie diese Daten einem anderen Verantwortlichen ohne Behinderung durch uns \u00fcbermitteln k\u00f6nnen, sofern<\/p>\n<ul>\n<li>wir diese Daten aufgrund einer von Ihnen erteilten und widerrufbaren Zustimmung oder zur Erf\u00fcllung eines Vertrages zwischen uns verarbeiten, und<\/li>\n<li><span style=\"font-size: 1rem;\">diese Verarbeitung mithilfe automatisierter Verfahren erfolgt.<\/span><\/li>\n<\/ul>\n<p>Bei technischer Machbarkeit k\u00f6nnen Sie von uns eine direkte \u00dcbermittlung Ihrer Daten an einen anderen Verantwortlichen verlangen.<\/p>\n<p><strong>Widerspruchsrecht:<br \/>\n<\/strong>Verarbeiten wir Ihre Daten aus berechtigtem Interesse, so k\u00f6nnen Sie gegen diese Datenverarbeitung jederzeit Widerspruch einlegen; dies w\u00fcrde auch f\u00fcr ein auf diese Bestimmungen gest\u00fctztes Profiling gelten. Wir verarbeiten dann Ihre Daten nicht mehr, es sei denn, wir k\u00f6nnen zwingende schutzw\u00fcrdige Gr\u00fcnde f\u00fcr die Verarbeitung nachweisen, die Ihre Interessen, Rechte und Freiheiten \u00fcberwiegen oder die Verarbeitung dient der Geltendmachung, Aus\u00fcbung oder Verteidigung von Rechtsanspr\u00fcchen. Der Verarbeitung Ihrer Daten zum Zweck der Direktwerbung k\u00f6nnen Sie jederzeit ohne Angabe von Gr\u00fcnden widersprechen.<\/p>\n<p><strong>Beschwerderecht:<br \/>\n<\/strong>Sind Sie der Meinung, dass wir bei der Verarbeitung Ihrer Daten gegen deutsches oder europ\u00e4isches Datenschutzrecht versto\u00dfen, so bitten wir Sie, mit uns Kontakt aufzunehmen, um Fragen aufkl\u00e4ren zu k\u00f6nnen. Sie haben selbstverst\u00e4ndlich auch das Recht, sich an die f\u00fcr Sie zust\u00e4ndige Aufsichtsbeh\u00f6rde, das jeweilige Landesamt f\u00fcr Datenschutzaufsicht, zu wenden.<\/p>\n<p>Sofern Sie eines der genannten Rechte uns gegen\u00fcber geltend machen wollen, so wenden Sie sich bitte an unseren Datenschutzbeauftragten. Im Zweifel k\u00f6nnen wir zus\u00e4tzliche Informationen zur Best\u00e4tigung Ihrer Identit\u00e4t anfordern.<\/p>\n<p>Sollten Sie dabei Unterst\u00fctzung ben\u00f6tigen oder anderweitige Fragen haben, dann kontaktieren Sie uns gerne unter per E-Mail unter info@koller-gruppe.de. Wenn Sie die hier beschriebenen Datenverarbeitungen zuk\u00fcnftig nicht mehr w\u00fcnschen, dann heben Sie bitte durch Nutzung der Funktionen \u201eDiese Seite gef\u00e4llt mir nicht mehr\u201c und\/oder \u201eDiese Seite nicht mehr abonnieren\u201c die Verbindung Ihres Benutzer-Profils zu unserer Seite auf.[\/vc_column_text][\/vc_column][\/vc_row][\/vc_section]<\/p>\n","protected":false},"excerpt":{"rendered":"<p>[vc_section full_height=&#8221;yes&#8221; content_placement=&#8221;top&#8221; css=&#8221;.vc_custom_1513869619339{padding-top: 150px !important;padding-bottom: 100px !important;}&#8221;][vc_row][vc_column][vc_column_text] Data protection declaration Facebook-Site [\/vc_column_text][\/vc_column][\/vc_row][vc_row][vc_column][vc_column_text] When you visit our Facebook site, Facebook (Meta) records, among others, your IP address and other information, which is available on your PC in the form of cookies. This information is used to provide us, as the operator of the Facebook pages, [&hellip;]<\/p>\n","protected":false},"author":1,"featured_media":0,"parent":2095,"menu_order":0,"comment_status":"closed","ping_status":"closed","template":"","meta":{"footnotes":""},"yoast_head":"<!-- This site is optimized with the Yoast SEO plugin v21.6 - https:\/\/yoast.com\/wordpress\/plugins\/seo\/ -->\n<title>Data protection declaration Facebook Site | Koller Gruppe<\/title>\n<meta name=\"robots\" content=\"index, follow, max-snippet:-1, max-image-preview:large, max-video-preview:-1\" \/>\n<link rel=\"canonical\" href=\"https:\/\/koller-gruppe.de\/datenschutz\/datenschutzerklaerung-facebookseite\/\" \/>\n<meta property=\"og:locale\" content=\"en_US\" \/>\n<meta property=\"og:type\" content=\"article\" \/>\n<meta property=\"og:title\" content=\"Data protection declaration Facebook Site | Koller Gruppe\" \/>\n<meta property=\"og:description\" content=\"[vc_section full_height=&#8221;yes&#8221; content_placement=&#8221;top&#8221; css=&#8221;.vc_custom_1513869619339{padding-top: 150px !important;padding-bottom: 100px !important;}&#8221;][vc_row][vc_column][vc_column_text] Data protection declaration Facebook-Site [\/vc_column_text][\/vc_column][\/vc_row][vc_row][vc_column][vc_column_text] When you visit our Facebook site, Facebook (Meta) records, among others, your IP address and other information, which is available on your PC in the form of cookies. This information is used to provide us, as the operator of the Facebook pages, [&hellip;]\" \/>\n<meta property=\"og:url\" content=\"https:\/\/koller-gruppe.de\/datenschutz\/datenschutzerklaerung-facebookseite\/\" \/>\n<meta property=\"og:site_name\" content=\"Koller Gruppe\" \/>\n<meta name=\"twitter:card\" content=\"summary_large_image\" \/>\n<meta name=\"twitter:label1\" content=\"Est. reading time\" \/>\n\t<meta name=\"twitter:data1\" content=\"10 minutes\" \/>\n<script type=\"application\/ld+json\" class=\"yoast-schema-graph\">{\"@context\":\"https:\/\/schema.org\",\"@graph\":[{\"@type\":\"WebPage\",\"@id\":\"https:\/\/koller-gruppe.de\/datenschutz\/datenschutzerklaerung-facebookseite\/\",\"url\":\"https:\/\/koller-gruppe.de\/datenschutz\/datenschutzerklaerung-facebookseite\/\",\"name\":\"Data protection declaration Facebook Site | Koller Gruppe\",\"isPartOf\":{\"@id\":\"https:\/\/koller-gruppe.de\/#website\"},\"datePublished\":\"2023-07-12T14:23:15+00:00\",\"dateModified\":\"2023-07-12T14:23:15+00:00\",\"breadcrumb\":{\"@id\":\"https:\/\/koller-gruppe.de\/datenschutz\/datenschutzerklaerung-facebookseite\/#breadcrumb\"},\"inLanguage\":\"en-US\",\"potentialAction\":[{\"@type\":\"ReadAction\",\"target\":[\"https:\/\/koller-gruppe.de\/datenschutz\/datenschutzerklaerung-facebookseite\/\"]}]},{\"@type\":\"BreadcrumbList\",\"@id\":\"https:\/\/koller-gruppe.de\/datenschutz\/datenschutzerklaerung-facebookseite\/#breadcrumb\",\"itemListElement\":[{\"@type\":\"ListItem\",\"position\":1,\"name\":\"Startseite\",\"item\":\"https:\/\/koller-gruppe.de\/en\/\"},{\"@type\":\"ListItem\",\"position\":2,\"name\":\"Data protection declaration\",\"item\":\"https:\/\/koller-gruppe.de\/datenschutz\/\"},{\"@type\":\"ListItem\",\"position\":3,\"name\":\"Data protection declaration Facebook Site\"}]},{\"@type\":\"WebSite\",\"@id\":\"https:\/\/koller-gruppe.de\/#website\",\"url\":\"https:\/\/koller-gruppe.de\/\",\"name\":\"Koller Gruppe\",\"description\":\"Mit Koller gut in Form\",\"publisher\":{\"@id\":\"https:\/\/koller-gruppe.de\/#organization\"},\"potentialAction\":[{\"@type\":\"SearchAction\",\"target\":{\"@type\":\"EntryPoint\",\"urlTemplate\":\"https:\/\/koller-gruppe.de\/?s={search_term_string}\"},\"query-input\":\"required name=search_term_string\"}],\"inLanguage\":\"en-US\"},{\"@type\":\"Organization\",\"@id\":\"https:\/\/koller-gruppe.de\/#organization\",\"name\":\"Koller Gruppe\",\"url\":\"https:\/\/koller-gruppe.de\/\",\"logo\":{\"@type\":\"ImageObject\",\"inLanguage\":\"en-US\",\"@id\":\"https:\/\/koller-gruppe.de\/#\/schema\/logo\/image\/\",\"url\":\"https:\/\/koller-gruppe.de\/wp-content\/uploads\/2018\/01\/koller-schriftzug.png\",\"contentUrl\":\"https:\/\/koller-gruppe.de\/wp-content\/uploads\/2018\/01\/koller-schriftzug.png\",\"width\":1000,\"height\":494,\"caption\":\"Koller Gruppe\"},\"image\":{\"@id\":\"https:\/\/koller-gruppe.de\/#\/schema\/logo\/image\/\"}}]}<\/script>\n<!-- \/ Yoast SEO plugin. -->","yoast_head_json":{"title":"Data protection declaration Facebook Site | Koller Gruppe","robots":{"index":"index","follow":"follow","max-snippet":"max-snippet:-1","max-image-preview":"max-image-preview:large","max-video-preview":"max-video-preview:-1"},"canonical":"https:\/\/koller-gruppe.de\/datenschutz\/datenschutzerklaerung-facebookseite\/","og_locale":"en_US","og_type":"article","og_title":"Data protection declaration Facebook Site | Koller Gruppe","og_description":"[vc_section full_height=&#8221;yes&#8221; content_placement=&#8221;top&#8221; css=&#8221;.vc_custom_1513869619339{padding-top: 150px !important;padding-bottom: 100px !important;}&#8221;][vc_row][vc_column][vc_column_text] Data protection declaration Facebook-Site [\/vc_column_text][\/vc_column][\/vc_row][vc_row][vc_column][vc_column_text] When you visit our Facebook site, Facebook (Meta) records, among others, your IP address and other information, which is available on your PC in the form of cookies. This information is used to provide us, as the operator of the Facebook pages, [&hellip;]","og_url":"https:\/\/koller-gruppe.de\/datenschutz\/datenschutzerklaerung-facebookseite\/","og_site_name":"Koller Gruppe","twitter_card":"summary_large_image","twitter_misc":{"Est. reading time":"10 minutes"},"schema":{"@context":"https:\/\/schema.org","@graph":[{"@type":"WebPage","@id":"https:\/\/koller-gruppe.de\/datenschutz\/datenschutzerklaerung-facebookseite\/","url":"https:\/\/koller-gruppe.de\/datenschutz\/datenschutzerklaerung-facebookseite\/","name":"Data protection declaration Facebook Site | Koller Gruppe","isPartOf":{"@id":"https:\/\/koller-gruppe.de\/#website"},"datePublished":"2023-07-12T14:23:15+00:00","dateModified":"2023-07-12T14:23:15+00:00","breadcrumb":{"@id":"https:\/\/koller-gruppe.de\/datenschutz\/datenschutzerklaerung-facebookseite\/#breadcrumb"},"inLanguage":"en-US","potentialAction":[{"@type":"ReadAction","target":["https:\/\/koller-gruppe.de\/datenschutz\/datenschutzerklaerung-facebookseite\/"]}]},{"@type":"BreadcrumbList","@id":"https:\/\/koller-gruppe.de\/datenschutz\/datenschutzerklaerung-facebookseite\/#breadcrumb","itemListElement":[{"@type":"ListItem","position":1,"name":"Startseite","item":"https:\/\/koller-gruppe.de\/en\/"},{"@type":"ListItem","position":2,"name":"Data protection declaration","item":"https:\/\/koller-gruppe.de\/datenschutz\/"},{"@type":"ListItem","position":3,"name":"Data protection declaration Facebook Site"}]},{"@type":"WebSite","@id":"https:\/\/koller-gruppe.de\/#website","url":"https:\/\/koller-gruppe.de\/","name":"Koller Gruppe","description":"Mit Koller gut in Form","publisher":{"@id":"https:\/\/koller-gruppe.de\/#organization"},"potentialAction":[{"@type":"SearchAction","target":{"@type":"EntryPoint","urlTemplate":"https:\/\/koller-gruppe.de\/?s={search_term_string}"},"query-input":"required name=search_term_string"}],"inLanguage":"en-US"},{"@type":"Organization","@id":"https:\/\/koller-gruppe.de\/#organization","name":"Koller Gruppe","url":"https:\/\/koller-gruppe.de\/","logo":{"@type":"ImageObject","inLanguage":"en-US","@id":"https:\/\/koller-gruppe.de\/#\/schema\/logo\/image\/","url":"https:\/\/koller-gruppe.de\/wp-content\/uploads\/2018\/01\/koller-schriftzug.png","contentUrl":"https:\/\/koller-gruppe.de\/wp-content\/uploads\/2018\/01\/koller-schriftzug.png","width":1000,"height":494,"caption":"Koller Gruppe"},"image":{"@id":"https:\/\/koller-gruppe.de\/#\/schema\/logo\/image\/"}}]}},"_links":{"self":[{"href":"https:\/\/koller-gruppe.de\/en\/wp-json\/wp\/v2\/pages\/2093"}],"collection":[{"href":"https:\/\/koller-gruppe.de\/en\/wp-json\/wp\/v2\/pages"}],"about":[{"href":"https:\/\/koller-gruppe.de\/en\/wp-json\/wp\/v2\/types\/page"}],"author":[{"embeddable":true,"href":"https:\/\/koller-gruppe.de\/en\/wp-json\/wp\/v2\/users\/1"}],"replies":[{"embeddable":true,"href":"https:\/\/koller-gruppe.de\/en\/wp-json\/wp\/v2\/comments?post=2093"}],"version-history":[{"count":1,"href":"https:\/\/koller-gruppe.de\/en\/wp-json\/wp\/v2\/pages\/2093\/revisions"}],"predecessor-version":[{"id":2094,"href":"https:\/\/koller-gruppe.de\/en\/wp-json\/wp\/v2\/pages\/2093\/revisions\/2094"}],"up":[{"embeddable":true,"href":"https:\/\/koller-gruppe.de\/en\/wp-json\/wp\/v2\/pages\/2095"}],"wp:attachment":[{"href":"https:\/\/koller-gruppe.de\/en\/wp-json\/wp\/v2\/media?parent=2093"}],"curies":[{"name":"wp","href":"https:\/\/api.w.org\/{rel}","templated":true}]}}